{"id":101,"date":"2022-10-18T13:21:57","date_gmt":"2022-10-18T13:21:57","guid":{"rendered":"https:\/\/wordpress.validthemes.net\/digalu\/?page_id=101"},"modified":"2024-12-17T23:10:48","modified_gmt":"2024-12-17T19:10:48","slug":"elaqe","status":"publish","type":"page","link":"https:\/\/onlive.az\/?page_id=101","title":{"rendered":"\u018flaq\u0259"},"content":{"rendered":"\t\t<div data-elementor-type=\"wp-page\" data-elementor-id=\"101\" class=\"elementor elementor-101\" data-elementor-post-type=\"page\">\n\t\t\t\t\t\t<section class=\"elementor-section elementor-top-section elementor-element elementor-element-af00330 elementor-section-full_width elementor-section-height-default elementor-section-height-default\" data-id=\"af00330\" data-element_type=\"section\" data-settings=\"{&quot;background_background&quot;:&quot;classic&quot;}\">\n\t\t\t\t\t\t\t<div class=\"elementor-background-overlay\"><\/div>\n\t\t\t\t\t\t\t<div class=\"elementor-container elementor-column-gap-no\">\n\t\t\t\t\t<div class=\"elementor-column elementor-col-100 elementor-top-column elementor-element elementor-element-6b557cc\" data-id=\"6b557cc\" data-element_type=\"column\">\n\t\t\t<div class=\"elementor-widget-wrap elementor-element-populated\">\n\t\t\t\t\t\t<section class=\"elementor-section elementor-inner-section elementor-element elementor-element-6ac969c elementor-section-boxed elementor-section-height-default elementor-section-height-default\" data-id=\"6ac969c\" data-element_type=\"section\">\n\t\t\t\t\t\t<div class=\"elementor-container elementor-column-gap-no\">\n\t\t\t\t\t<div class=\"elementor-column elementor-col-50 elementor-inner-column elementor-element elementor-element-f220019\" data-id=\"f220019\" data-element_type=\"column\">\n\t\t\t<div class=\"elementor-widget-wrap elementor-element-populated\">\n\t\t\t\t\t\t<div class=\"elementor-element elementor-element-77faebb elementor-widget elementor-widget-digalucontactinfo\" data-id=\"77faebb\" data-element_type=\"widget\" data-widget_type=\"digalucontactinfo.default\">\n\t\t\t\t<div class=\"elementor-widget-container\">\n\t\t\t<div class=\"contact-style-one-info\"><h2>\u018flaq\u0259 m\u0259lumatlar\u0131<\/h2><p>T\u0259klif, irad v\u0259 \u015fikay\u0259tl\u0259rinizi biz\u0259 bildirin.<\/p><ul><li class=\"wow fadeInUp\"><div class=\"icon\"><i class=\"fas fa-phone-alt\"><\/i><\/div><div class=\"content\"><h4 class=\"title\">Telefon<\/h4><a href=\"tel:+994559475797\">+994 55 947 57 97<\/a><\/div><\/li><li class=\"wow fadeInUp\" data-wow-delay=\"300ms\"><div class=\"icon\"><i class=\"fas fa-map-marker-alt\"><\/i><\/div><div class=\"info\"><h4 class=\"title\">\u00dcnvan<\/h4><p>Az\u0259rbaycan, Bak\u0131<\/p><\/div><\/li><li class=\"wow fadeInUp\" data-wow-delay=\"500ms\"><div class=\"icon\"><i class=\"fas fa-envelope-open-text\"><\/i><\/div><div class=\"info\"><h4 class=\"title\">\nE-po\u00e7t<\/h4><a href=\"mailto:info@onlive.az\">info@onlive.az<\/a><\/div><\/li><\/ul><\/div>\t\t<\/div>\n\t\t\t\t<\/div>\n\t\t\t\t\t<\/div>\n\t\t<\/div>\n\t\t\t\t<div class=\"elementor-column elementor-col-50 elementor-inner-column elementor-element elementor-element-7014fc4\" data-id=\"7014fc4\" data-element_type=\"column\">\n\t\t\t<div class=\"elementor-widget-wrap elementor-element-populated\">\n\t\t\t\t\t\t<div class=\"elementor-element elementor-element-3cdc23b elementor-widget elementor-widget-shortcode\" data-id=\"3cdc23b\" data-element_type=\"widget\" data-widget_type=\"shortcode.default\">\n\t\t\t\t<div class=\"elementor-widget-container\">\n\t\t\t\t\t<div class=\"elementor-shortcode\">\n<div class=\"wpcf7 no-js\" id=\"wpcf7-f3498-o1\" lang=\"en-US\" dir=\"ltr\" data-wpcf7-id=\"3498\">\n<div class=\"screen-reader-response\"><p role=\"status\" aria-live=\"polite\" aria-atomic=\"true\"><\/p> <ul><\/ul><\/div>\n<form action=\"\/index.php?rest_route=%2Fwp%2Fv2%2Fpages%2F101#wpcf7-f3498-o1\" method=\"post\" class=\"wpcf7-form init\" aria-label=\"Contact form\" novalidate=\"novalidate\" data-status=\"init\">\n<div style=\"display: none;\">\n<input type=\"hidden\" name=\"_wpcf7\" value=\"3498\" \/>\n<input type=\"hidden\" name=\"_wpcf7_version\" value=\"6.0.1\" \/>\n<input type=\"hidden\" name=\"_wpcf7_locale\" value=\"en_US\" \/>\n<input type=\"hidden\" name=\"_wpcf7_unit_tag\" value=\"wpcf7-f3498-o1\" \/>\n<input type=\"hidden\" name=\"_wpcf7_container_post\" value=\"0\" \/>\n<input type=\"hidden\" name=\"_wpcf7_posted_data_hash\" value=\"\" \/>\n<\/div>\n<div class=\"contact-form-style-one\">\n\t<div class=\"illustration wow fadeInRight\" data-wow-delay=\"300ms\">\n\t\t<p><img decoding=\"async\" src=\"https:\/\/wordpress.validthemes.net\/digalu\/wp-content\/uploads\/2023\/06\/20.png\" alt=\"Image Not Found\" \/>\n\t\t<\/p>\n\t<\/div>\n\t<h4 class=\"sub-heading\">\u00c7\u018fT\u0130NL\u0130Y\u0130N\u0130Z VAR?\n\t<\/h4>\n\t<h2 class=\"heading\">Biz\u0259 m\u00fcraci\u0259t edin\n\t<\/h2>\n\t<div class=\"contact-form contact-form\">\n\t\t<div class=\"row\">\n\t\t\t<div class=\"col-lg-12\">\n\t\t\t\t<div class=\"form-group\">\n\t\t\t\t\t<p><span class=\"wpcf7-form-control-wrap\" data-name=\"text-10\"><input size=\"40\" maxlength=\"400\" class=\"wpcf7-form-control wpcf7-text wpcf7-validates-as-required form-control\" id=\"text-10\" aria-required=\"true\" aria-invalid=\"false\" placeholder=\"Ad\u0131n\u0131z\" value=\"\" type=\"text\" name=\"text-10\" \/><\/span><span class=\"alert-error\"><\/span>\n\t\t\t\t\t<\/p>\n\t\t\t\t<\/div>\n\t\t\t<\/div>\n\t\t<\/div>\n\t\t<div class=\"row\">\n\t\t\t<div class=\"col-lg-6\">\n\t\t\t\t<div class=\"form-group\">\n\t\t\t\t\t<p><span class=\"wpcf7-form-control-wrap\" data-name=\"email-620\"><input size=\"40\" maxlength=\"400\" class=\"wpcf7-form-control wpcf7-email wpcf7-validates-as-required wpcf7-text wpcf7-validates-as-email form-control\" id=\"email-620\" aria-required=\"true\" aria-invalid=\"false\" placeholder=\"E-po\u00e7t*\" value=\"\" type=\"email\" name=\"email-620\" \/><\/span><span class=\"alert-error\"><\/span>\n\t\t\t\t\t<\/p>\n\t\t\t\t<\/div>\n\t\t\t<\/div>\n\t\t\t<div class=\"col-lg-6\">\n\t\t\t\t<div class=\"form-group\">\n\t\t\t\t\t<p><span class=\"wpcf7-form-control-wrap\" data-name=\"tel-393\"><input size=\"40\" maxlength=\"400\" class=\"wpcf7-form-control wpcf7-tel wpcf7-validates-as-required wpcf7-text wpcf7-validates-as-tel form-control\" id=\"tel-393\" aria-required=\"true\" aria-invalid=\"false\" placeholder=\"Telefon\" value=\"\" type=\"tel\" name=\"tel-393\" \/><\/span><span class=\"alert-error\"><\/span>\n\t\t\t\t\t<\/p>\n\t\t\t\t<\/div>\n\t\t\t<\/div>\n\t\t<\/div>\n\t\t<div class=\"row\">\n\t\t\t<div class=\"col-lg-12\">\n\t\t\t\t<div class=\"form-group comments\">\n\t\t\t\t\t<p><span class=\"wpcf7-form-control-wrap\" data-name=\"textarea-380\"><textarea cols=\"40\" rows=\"10\" maxlength=\"2000\" class=\"wpcf7-form-control wpcf7-textarea wpcf7-validates-as-required form-control\" id=\"textarea-380\" aria-required=\"true\" aria-invalid=\"false\" placeholder=\"T\u0259svir (mesaj) *\" name=\"textarea-380\"><\/textarea><\/span>\n\t\t\t\t\t<\/p>\n\t\t\t\t<\/div>\n\t\t\t<\/div>\n\t\t<\/div>\n\t\t<div class=\"row\">\n\t\t\t<div class=\"col-lg-12\">\n\t\t\t\t<p><button type=\"submit\" name=\"submit\" id=\"submit\"><i class=\"fa fa-paper-plane\"><\/i> G\u00f6nd\u0259rin<\/button>\n\t\t\t\t<\/p>\n\t\t\t<\/div>\n\t\t<\/div>\n\t<\/div>\n<\/div><div class=\"wpcf7-response-output\" aria-hidden=\"true\"><\/div>\n<\/form>\n<\/div>\n<\/div>\n\t\t\t\t<\/div>\n\t\t\t\t<\/div>\n\t\t\t\t\t<\/div>\n\t\t<\/div>\n\t\t\t\t\t<\/div>\n\t\t<\/section>\n\t\t\t\t\t<\/div>\n\t\t<\/div>\n\t\t\t\t\t<\/div>\n\t\t<\/section>\n\t\t\t\t<\/div>\n\t\t","protected":false},"excerpt":{"rendered":"<p>\u018flaq\u0259 m\u0259lumatlar\u0131 T\u0259klif, irad v\u0259 \u015fikay\u0259tl\u0259rinizi biz\u0259 bildirin. Telefon +994 55 947 57 97 \u00dcnvan Az\u0259rbaycan, Bak\u0131 E-po\u00e7t info@onlive.az<\/p>\n","protected":false},"author":1,"featured_media":0,"parent":0,"menu_order":0,"comment_status":"closed","ping_status":"closed","template":"template-builder.php","meta":{"footnotes":""},"class_list":["post-101","page","type-page","status-publish","hentry"],"_links":{"self":[{"href":"https:\/\/onlive.az\/index.php?rest_route=\/wp\/v2\/pages\/101","targetHints":{"allow":["GET"]}}],"collection":[{"href":"https:\/\/onlive.az\/index.php?rest_route=\/wp\/v2\/pages"}],"about":[{"href":"https:\/\/onlive.az\/index.php?rest_route=\/wp\/v2\/types\/page"}],"author":[{"embeddable":true,"href":"https:\/\/onlive.az\/index.php?rest_route=\/wp\/v2\/users\/1"}],"replies":[{"embeddable":true,"href":"https:\/\/onlive.az\/index.php?rest_route=%2Fwp%2Fv2%2Fcomments&post=101"}],"version-history":[{"count":4,"href":"https:\/\/onlive.az\/index.php?rest_route=\/wp\/v2\/pages\/101\/revisions"}],"predecessor-version":[{"id":5795,"href":"https:\/\/onlive.az\/index.php?rest_route=\/wp\/v2\/pages\/101\/revisions\/5795"}],"wp:attachment":[{"href":"https:\/\/onlive.az\/index.php?rest_route=%2Fwp%2Fv2%2Fmedia&parent=101"}],"curies":[{"name":"wp","href":"https:\/\/api.w.org\/{rel}","templated":true}]}}